{"id":1402,"date":"2023-01-31T14:22:53","date_gmt":"2023-01-31T14:22:53","guid":{"rendered":"https:\/\/pultex.pkom.at\/?page_id=1402"},"modified":"2026-04-14T11:06:54","modified_gmt":"2026-04-14T09:06:54","slug":"impressum","status":"publish","type":"page","link":"https:\/\/www.business-home-vienna.at\/en\/impressum\/","title":{"rendered":"Imprint"},"content":{"rendered":"<div data-elementor-type=\"wp-page\" data-elementor-id=\"1402\" class=\"elementor elementor-1402\" data-elementor-post-type=\"page\">\n\t\t\t\t\t\t<section class=\"elementor-section elementor-top-section elementor-element elementor-element-c3f2c3d elementor-section-boxed elementor-section-height-default elementor-section-height-default\" data-id=\"c3f2c3d\" data-element_type=\"section\" data-e-type=\"section\" data-settings=\"{&quot;background_background&quot;:&quot;classic&quot;}\">\n\t\t\t\t\t\t<div class=\"elementor-container elementor-column-gap-default\">\n\t\t\t\t\t<div class=\"elementor-column elementor-col-100 elementor-top-column elementor-element elementor-element-66dc079\" data-id=\"66dc079\" data-element_type=\"column\" data-e-type=\"column\">\n\t\t\t<div class=\"elementor-widget-wrap elementor-element-populated\">\n\t\t\t\t\t\t<div class=\"elementor-element elementor-element-e1c551c elementor-widget elementor-widget-heading\" data-id=\"e1c551c\" data-element_type=\"widget\" data-e-type=\"widget\" data-widget_type=\"heading.default\">\n\t\t\t\t<div class=\"elementor-widget-container\">\n\t\t\t\t\t<h1 class=\"elementor-heading-title elementor-size-default\">Imprint<\/h1>\t\t\t\t<\/div>\n\t\t\t\t<\/div>\n\t\t\t\t<div class=\"elementor-element elementor-element-0b7da58 elementor-widget elementor-widget-text-editor\" data-id=\"0b7da58\" data-element_type=\"widget\" data-e-type=\"widget\" data-widget_type=\"text-editor.default\">\n\t\t\t\t<div class=\"elementor-widget-container\">\n\t\t\t\t\t\t\t\t\t<p>Angaben gem\u00e4\u00df \u00a7 5 ECG, \u00a7 14 UGB und \u00a7 63 GewO:<\/p><p>Mag. Andrea Stadlhofer<br \/>T\u00f6pfelgasse 7\/4<br \/>1140 Wien, \u00d6sterreich<\/p><p>Telefon: +43 (0) 676 \/ 90 100 70<br \/>E-Mail: <a href=\"mailto:office@business-home-vienna.at\">office@business-home-vienna.at<\/a><\/p><hr \/><p><strong>Unternehmensgegenstand:<\/strong><br \/>Privatzimmervermietung<\/p><p><strong>UID-Nummer:<\/strong> ATU63910744<\/p><hr \/><p><strong>Mitglied bei:<\/strong><br \/>Wirtschaftskammer Wien (WKW)<\/p><hr \/><p><strong>Gewerbebeh\u00f6rde:<\/strong><br \/>Magistrat der Stadt Wien<\/p><hr \/><p><strong>Gerichtsstand:<\/strong><br \/>Handelsgericht Wien<\/p><hr \/><p><strong>Haftung f\u00fcr Inhalte:<\/strong><br \/>Die Inhalte unserer Website wurden mit gr\u00f6\u00dfter Sorgfalt erstellt. F\u00fcr die Richtigkeit, Vollst\u00e4ndigkeit und Aktualit\u00e4t der Inhalte k\u00f6nnen wir jedoch keine Gew\u00e4hr \u00fcbernehmen.<\/p><hr \/><p><strong>Haftung f\u00fcr Links:<\/strong><br \/>Unsere Website enth\u00e4lt Links zu externen Websites Dritter, auf deren Inhalte wir keinen Einfluss haben. F\u00fcr diese fremden Inhalte \u00fcbernehmen wir keine Gew\u00e4hr.<\/p><hr \/><p><strong>Urheberrecht:<\/strong><br \/>Die auf dieser Website ver\u00f6ffentlichten Inhalte (Texte, Bilder, Grafiken und Layout) sind urheberrechtlich gesch\u00fctzt. Jede Art der Verwertung au\u00dferhalb der Grenzen des Urheberrechts bedarf der vorherigen schriftlichen Zustimmung.<\/p><hr \/><p><strong>Streitbeilegung:<\/strong><br \/>Wir sind nicht verpflichtet und nicht bereit, an einem Streitbeilegungsverfahren vor einer Verbraucherschlichtungsstelle teilzunehmen.<\/p><p><strong>Webdesign powered by:<br \/><\/strong><a href=\"https:\/\/www.pkom.at\/\" target=\"_blank\" rel=\"noopener\"><img decoding=\"async\" class=\"alignnone wp-image-2431\" src=\"https:\/\/www.business-home-vienna.at\/wp-content\/uploads\/2023\/02\/PKOM_Logo_Black_05_RGB-300x80.png\" alt=\"Website Erstellung Business Home Vienna - PKOM Webagentur Wien\" width=\"171\" height=\"46\" srcset=\"https:\/\/www.business-home-vienna.at\/wp-content\/uploads\/2023\/02\/PKOM_Logo_Black_05_RGB-300x80.png 300w, https:\/\/www.business-home-vienna.at\/wp-content\/uploads\/2023\/02\/PKOM_Logo_Black_05_RGB.png 636w\" sizes=\"(max-width: 171px) 100vw, 171px\" \/><\/a><\/p>\t\t\t\t\t\t\t\t<\/div>\n\t\t\t\t<\/div>\n\t\t\t\t\t<\/div>\n\t\t<\/div>\n\t\t\t\t\t<\/div>\n\t\t<\/section>\n\t\t\t\t<section class=\"elementor-section elementor-top-section elementor-element elementor-element-167b0c4 elementor-section-boxed elementor-section-height-default elementor-section-height-default\" data-id=\"167b0c4\" data-element_type=\"section\" data-e-type=\"section\">\n\t\t\t\t\t\t<div class=\"elementor-container elementor-column-gap-default\">\n\t\t\t\t\t<div class=\"elementor-column elementor-col-100 elementor-top-column elementor-element elementor-element-c48ccab\" data-id=\"c48ccab\" data-element_type=\"column\" data-e-type=\"column\">\n\t\t\t<div class=\"elementor-widget-wrap elementor-element-populated\">\n\t\t\t\t\t\t<div class=\"elementor-element elementor-element-0d9ddaa elementor-widget elementor-widget-text-editor\" data-id=\"0d9ddaa\" data-element_type=\"widget\" data-e-type=\"widget\" data-widget_type=\"text-editor.default\">\n\t\t\t\t<div class=\"elementor-widget-container\">\n\t\t\t\t\t\t\t\t\t<p>Icons by Logomakr:\u00a0<\/p>\t\t\t\t\t\t\t\t<\/div>\n\t\t\t\t<\/div>\n\t\t\t\t<div class=\"elementor-element elementor-element-171729c elementor-widget elementor-widget-text-editor\" data-id=\"171729c\" data-element_type=\"widget\" data-e-type=\"widget\" data-widget_type=\"text-editor.default\">\n\t\t\t\t<div class=\"elementor-widget-container\">\n\t\t\t\t\t\t\t\t\t<p><a href=\"http:\/\/logomakr.com\/app\/0Xaa2R\">logomakr.com\/app\/0Xaa2R,<\/a>\u00a0<a href=\"http:\/\/logomakr.com\/app\/0Q3nIo\">logomakr.com\/app\/0Q3nIo<\/a>, <a href=\"http:\/\/logomakr.com\/app\/2GunU0\">logomakr.com\/app\/2GunU0<\/a>,\u00a0l<a href=\"http:\/\/logomakr.com\/app\/1AqXhX\">ogomakr.com\/app\/1AqXhX<\/a>,\u00a0<a href=\"http:\/\/logomakr.com\/app\/4Q3jw6\">logomakr.com\/app\/4Q3jw6<\/a>,\u00a0<a href=\"http:\/\/logomakr.com\/app\/8cR2Wx\">logomakr.com\/app\/8cR2Wx<\/a>,<a href=\"http:\/\/logomakr.com\/app\/3q9bj1\"> logomakr.com\/app\/3q9bj1<\/a>,\u00a0<a href=\"http:\/\/logomakr.com\/app\/1gjA6Y\">logomakr.com\/app\/1gjA6Y<\/a>, <a href=\"http:\/\/logomakr.com\/app\/4zWdUj\">logomakr.com\/app\/4zWdUj<\/a>, <a href=\"http:\/\/logomakr.com\/app\/1K7xzI\">logomakr.com\/app\/1K7xzI<\/a>, <a href=\"http:\/\/logomakr.com\/app\/1zJttW\">logomakr.com\/app\/1zJttW<\/a>, <a href=\"http:\/\/logomakr.com\/app\/7xLnuK\">logomakr.com\/app\/7xLnuK<\/a>, <a href=\"http:\/\/logomakr.com\/app\/9XHr4N\">logomakr.com\/app\/9XHr4N<\/a>, <a href=\"http:\/\/logomakr.com\/app\/7Zoz9P\">logomakr.com\/app\/7Zoz9P<\/a>, <a href=\"http:\/\/logomakr.com\/app\/2hti37\">logomakr.com\/app\/2hti37<\/a>, <a href=\"http:\/\/logomakr.com\/app\/1zTmBA\">logomakr.com\/app\/1zTmBA<\/a>, <a href=\"http:\/\/logomakr.com\/app\/2ijOu1\">logomakr.com\/app\/2ijOu1<\/a>, <a href=\"http:\/\/logomakr.com\/app\/2WGFA2\">logomakr.com\/app\/2WGFA2<\/a>, <a href=\"http:\/\/logomakr.com\/app\/4cxC8z\">logomakr.com\/app\/4cxC8z<\/a>, <a href=\"http:\/\/logomakr.com\/app\/54Fk4q\">logomakr.com\/app\/54Fk4q<\/a>,<\/p>\t\t\t\t\t\t\t\t<\/div>\n\t\t\t\t<\/div>\n\t\t\t\t\t<\/div>\n\t\t<\/div>\n\t\t\t\t\t<\/div>\n\t\t<\/section>\n\t\t\t\t<\/div>","protected":false},"excerpt":{"rendered":"<p>Impressum Angaben gem\u00e4\u00df \u00a7 5 ECG, \u00a7 14 UGB und \u00a7 63 GewO: Mag. Andrea StadlhoferT\u00f6pfelgasse 7\/41140 Wien, \u00d6sterreich Telefon: +43 (0) 676 \/ 90 100 70E-Mail: office@business-home-vienna.at Unternehmensgegenstand:Privatzimmervermietung UID-Nummer: ATU63910744 Mitglied bei:Wirtschaftskammer Wien (WKW) Gewerbebeh\u00f6rde:Magistrat der Stadt Wien Gerichtsstand:Handelsgericht Wien Haftung f\u00fcr Inhalte:Die Inhalte unserer Website wurden mit gr\u00f6\u00dfter Sorgfalt erstellt. F\u00fcr die Richtigkeit, [&hellip;]<\/p>\n","protected":false},"author":1,"featured_media":0,"parent":0,"menu_order":0,"comment_status":"closed","ping_status":"closed","template":"","meta":{"site-sidebar-layout":"no-sidebar","site-content-layout":"page-builder","ast-site-content-layout":"default","site-content-style":"default","site-sidebar-style":"default","ast-global-header-display":"","ast-banner-title-visibility":"","ast-main-header-display":"","ast-hfb-above-header-display":"","ast-hfb-below-header-display":"","ast-hfb-mobile-header-display":"","site-post-title":"disabled","ast-breadcrumbs-content":"","ast-featured-img":"disabled","footer-sml-layout":"","ast-disable-related-posts":"","theme-transparent-header-meta":"","adv-header-id-meta":"","stick-header-meta":"","header-above-stick-meta":"","header-main-stick-meta":"","header-below-stick-meta":"","astra-migrate-meta-layouts":"default","ast-page-background-enabled":"default","ast-page-background-meta":{"desktop":{"background-color":"var(--ast-global-color-4)","background-image":"","background-repeat":"repeat","background-position":"center center","background-size":"auto","background-attachment":"scroll","background-type":"","background-media":"","overlay-type":"","overlay-color":"","overlay-opacity":"","overlay-gradient":""},"tablet":{"background-color":"","background-image":"","background-repeat":"repeat","background-position":"center center","background-size":"auto","background-attachment":"scroll","background-type":"","background-media":"","overlay-type":"","overlay-color":"","overlay-opacity":"","overlay-gradient":""},"mobile":{"background-color":"","background-image":"","background-repeat":"repeat","background-position":"center center","background-size":"auto","background-attachment":"scroll","background-type":"","background-media":"","overlay-type":"","overlay-color":"","overlay-opacity":"","overlay-gradient":""}},"ast-content-background-meta":{"desktop":{"background-color":"var(--ast-global-color-5)","background-image":"","background-repeat":"repeat","background-position":"center center","background-size":"auto","background-attachment":"scroll","background-type":"","background-media":"","overlay-type":"","overlay-color":"","overlay-opacity":"","overlay-gradient":""},"tablet":{"background-color":"var(--ast-global-color-5)","background-image":"","background-repeat":"repeat","background-position":"center center","background-size":"auto","background-attachment":"scroll","background-type":"","background-media":"","overlay-type":"","overlay-color":"","overlay-opacity":"","overlay-gradient":""},"mobile":{"background-color":"var(--ast-global-color-5)","background-image":"","background-repeat":"repeat","background-position":"center center","background-size":"auto","background-attachment":"scroll","background-type":"","background-media":"","overlay-type":"","overlay-color":"","overlay-opacity":"","overlay-gradient":""}},"footnotes":""},"class_list":["post-1402","page","type-page","status-publish","hentry"],"yoast_head":"<!-- This site is optimized with the Yoast SEO plugin v27.5 - https:\/\/yoast.com\/product\/yoast-seo-wordpress\/ -->\n<title>Impressum - Business Home Vienna<\/title>\n<meta name=\"description\" content=\"Alle relevanten Informationen zu der Firma Pultex GmbH aus A-2486 Pottendorf, Bahnstra\u00dfe 25\/7 finden Sie im Impressum der Website.\" \/>\n<meta name=\"robots\" content=\"index, follow, max-snippet:-1, max-image-preview:large, max-video-preview:-1\" \/>\n<link rel=\"canonical\" href=\"https:\/\/www.business-home-vienna.at\/en\/impressum\/\" \/>\n<meta property=\"og:locale\" content=\"en_GB\" \/>\n<meta property=\"og:type\" content=\"article\" \/>\n<meta property=\"og:title\" content=\"Impressum - Pultex GmbH\" \/>\n<meta property=\"og:description\" content=\"Alle relevanten Informationen zu der Firma Pultex GmbH aus A-2486 Pottendorf, Bahnstra\u00dfe 25\/7 finden Sie im Impressum der Website.\" \/>\n<meta property=\"og:url\" content=\"https:\/\/www.business-home-vienna.at\/en\/impressum\/\" \/>\n<meta property=\"og:site_name\" content=\"Business Home Vienna\" \/>\n<meta property=\"article:modified_time\" content=\"2026-04-14T09:06:54+00:00\" \/>\n<meta name=\"twitter:card\" content=\"summary_large_image\" \/>\n<meta name=\"twitter:title\" content=\"Impressum - Pultex GmbH\" \/>\n<meta name=\"twitter:description\" content=\"Alle relevanten Informationen zu der Firma Pultex GmbH aus A-2486 Pottendorf, Bahnstra\u00dfe 25\/7 finden Sie im Impressum der Website.\" \/>\n<meta name=\"twitter:label1\" content=\"Estimated reading time\" \/>\n\t<meta name=\"twitter:data1\" content=\"2 minutes\" \/>\n<script type=\"application\/ld+json\" class=\"yoast-schema-graph\">{\"@context\":\"https:\\\/\\\/schema.org\",\"@graph\":[{\"@type\":\"WebPage\",\"@id\":\"https:\\\/\\\/www.business-home-vienna.at\\\/impressum\\\/\",\"url\":\"https:\\\/\\\/www.business-home-vienna.at\\\/impressum\\\/\",\"name\":\"Impressum - Business Home Vienna\",\"isPartOf\":{\"@id\":\"https:\\\/\\\/www.business-home-vienna.at\\\/#website\"},\"primaryImageOfPage\":{\"@id\":\"https:\\\/\\\/www.business-home-vienna.at\\\/impressum\\\/#primaryimage\"},\"image\":{\"@id\":\"https:\\\/\\\/www.business-home-vienna.at\\\/impressum\\\/#primaryimage\"},\"thumbnailUrl\":\"https:\\\/\\\/www.business-home-vienna.at\\\/wp-content\\\/uploads\\\/2023\\\/02\\\/PKOM_Logo_Black_05_RGB-300x80.png\",\"datePublished\":\"2023-01-31T14:22:53+00:00\",\"dateModified\":\"2026-04-14T09:06:54+00:00\",\"description\":\"Alle relevanten Informationen zu der Firma Pultex GmbH aus A-2486 Pottendorf, Bahnstra\u00dfe 25\\\/7 finden Sie im Impressum der Website.\",\"breadcrumb\":{\"@id\":\"https:\\\/\\\/www.business-home-vienna.at\\\/impressum\\\/#breadcrumb\"},\"inLanguage\":\"en-GB\",\"potentialAction\":[{\"@type\":\"ReadAction\",\"target\":[\"https:\\\/\\\/www.business-home-vienna.at\\\/impressum\\\/\"]}]},{\"@type\":\"ImageObject\",\"inLanguage\":\"en-GB\",\"@id\":\"https:\\\/\\\/www.business-home-vienna.at\\\/impressum\\\/#primaryimage\",\"url\":\"https:\\\/\\\/www.business-home-vienna.at\\\/wp-content\\\/uploads\\\/2023\\\/02\\\/PKOM_Logo_Black_05_RGB-300x80.png\",\"contentUrl\":\"https:\\\/\\\/www.business-home-vienna.at\\\/wp-content\\\/uploads\\\/2023\\\/02\\\/PKOM_Logo_Black_05_RGB-300x80.png\"},{\"@type\":\"BreadcrumbList\",\"@id\":\"https:\\\/\\\/www.business-home-vienna.at\\\/impressum\\\/#breadcrumb\",\"itemListElement\":[{\"@type\":\"ListItem\",\"position\":1,\"name\":\"Startseite\",\"item\":\"https:\\\/\\\/www.business-home-vienna.at\\\/\"},{\"@type\":\"ListItem\",\"position\":2,\"name\":\"Impressum\"}]},{\"@type\":\"WebSite\",\"@id\":\"https:\\\/\\\/www.business-home-vienna.at\\\/#website\",\"url\":\"https:\\\/\\\/www.business-home-vienna.at\\\/\",\"name\":\"Business Home Vienna\",\"description\":\"Wohnen wie zu Hause. Vielleicht sogar besser.\",\"publisher\":{\"@id\":\"https:\\\/\\\/www.business-home-vienna.at\\\/#organization\"},\"potentialAction\":[{\"@type\":\"SearchAction\",\"target\":{\"@type\":\"EntryPoint\",\"urlTemplate\":\"https:\\\/\\\/www.business-home-vienna.at\\\/?s={search_term_string}\"},\"query-input\":{\"@type\":\"PropertyValueSpecification\",\"valueRequired\":true,\"valueName\":\"search_term_string\"}}],\"inLanguage\":\"en-GB\"},{\"@type\":\"Organization\",\"@id\":\"https:\\\/\\\/www.business-home-vienna.at\\\/#organization\",\"name\":\"Business Home Vienna\",\"url\":\"https:\\\/\\\/www.business-home-vienna.at\\\/\",\"logo\":{\"@type\":\"ImageObject\",\"inLanguage\":\"en-GB\",\"@id\":\"https:\\\/\\\/www.business-home-vienna.at\\\/#\\\/schema\\\/logo\\\/image\\\/\",\"url\":\"https:\\\/\\\/www.business-home-vienna.at\\\/wp-content\\\/uploads\\\/2023\\\/01\\\/Business-Home-Logo.png\",\"contentUrl\":\"https:\\\/\\\/www.business-home-vienna.at\\\/wp-content\\\/uploads\\\/2023\\\/01\\\/Business-Home-Logo.png\",\"width\":400,\"height\":101,\"caption\":\"Business Home Vienna\"},\"image\":{\"@id\":\"https:\\\/\\\/www.business-home-vienna.at\\\/#\\\/schema\\\/logo\\\/image\\\/\"}}]}<\/script>\n<!-- \/ Yoast SEO plugin. -->","yoast_head_json":{"title":"Impressum - Business Home Vienna","description":"Alle relevanten Informationen zu der Firma Pultex GmbH aus A-2486 Pottendorf, Bahnstra\u00dfe 25\/7 finden Sie im Impressum der Website.","robots":{"index":"index","follow":"follow","max-snippet":"max-snippet:-1","max-image-preview":"max-image-preview:large","max-video-preview":"max-video-preview:-1"},"canonical":"https:\/\/www.business-home-vienna.at\/en\/impressum\/","og_locale":"en_GB","og_type":"article","og_title":"Impressum - Pultex GmbH","og_description":"Alle relevanten Informationen zu der Firma Pultex GmbH aus A-2486 Pottendorf, Bahnstra\u00dfe 25\/7 finden Sie im Impressum der Website.","og_url":"https:\/\/www.business-home-vienna.at\/en\/impressum\/","og_site_name":"Business Home Vienna","article_modified_time":"2026-04-14T09:06:54+00:00","twitter_card":"summary_large_image","twitter_title":"Impressum - Pultex GmbH","twitter_description":"Alle relevanten Informationen zu der Firma Pultex GmbH aus A-2486 Pottendorf, Bahnstra\u00dfe 25\/7 finden Sie im Impressum der Website.","twitter_misc":{"Estimated reading time":"2 minutes"},"schema":{"@context":"https:\/\/schema.org","@graph":[{"@type":"WebPage","@id":"https:\/\/www.business-home-vienna.at\/impressum\/","url":"https:\/\/www.business-home-vienna.at\/impressum\/","name":"Impressum - Business Home Vienna","isPartOf":{"@id":"https:\/\/www.business-home-vienna.at\/#website"},"primaryImageOfPage":{"@id":"https:\/\/www.business-home-vienna.at\/impressum\/#primaryimage"},"image":{"@id":"https:\/\/www.business-home-vienna.at\/impressum\/#primaryimage"},"thumbnailUrl":"https:\/\/www.business-home-vienna.at\/wp-content\/uploads\/2023\/02\/PKOM_Logo_Black_05_RGB-300x80.png","datePublished":"2023-01-31T14:22:53+00:00","dateModified":"2026-04-14T09:06:54+00:00","description":"Alle relevanten Informationen zu der Firma Pultex GmbH aus A-2486 Pottendorf, Bahnstra\u00dfe 25\/7 finden Sie im Impressum der Website.","breadcrumb":{"@id":"https:\/\/www.business-home-vienna.at\/impressum\/#breadcrumb"},"inLanguage":"en-GB","potentialAction":[{"@type":"ReadAction","target":["https:\/\/www.business-home-vienna.at\/impressum\/"]}]},{"@type":"ImageObject","inLanguage":"en-GB","@id":"https:\/\/www.business-home-vienna.at\/impressum\/#primaryimage","url":"https:\/\/www.business-home-vienna.at\/wp-content\/uploads\/2023\/02\/PKOM_Logo_Black_05_RGB-300x80.png","contentUrl":"https:\/\/www.business-home-vienna.at\/wp-content\/uploads\/2023\/02\/PKOM_Logo_Black_05_RGB-300x80.png"},{"@type":"BreadcrumbList","@id":"https:\/\/www.business-home-vienna.at\/impressum\/#breadcrumb","itemListElement":[{"@type":"ListItem","position":1,"name":"Startseite","item":"https:\/\/www.business-home-vienna.at\/"},{"@type":"ListItem","position":2,"name":"Impressum"}]},{"@type":"WebSite","@id":"https:\/\/www.business-home-vienna.at\/#website","url":"https:\/\/www.business-home-vienna.at\/","name":"Business Home Vienna","description":"Wohnen wie zu Hause. Vielleicht sogar besser.","publisher":{"@id":"https:\/\/www.business-home-vienna.at\/#organization"},"potentialAction":[{"@type":"SearchAction","target":{"@type":"EntryPoint","urlTemplate":"https:\/\/www.business-home-vienna.at\/?s={search_term_string}"},"query-input":{"@type":"PropertyValueSpecification","valueRequired":true,"valueName":"search_term_string"}}],"inLanguage":"en-GB"},{"@type":"Organization","@id":"https:\/\/www.business-home-vienna.at\/#organization","name":"Business Home Vienna","url":"https:\/\/www.business-home-vienna.at\/","logo":{"@type":"ImageObject","inLanguage":"en-GB","@id":"https:\/\/www.business-home-vienna.at\/#\/schema\/logo\/image\/","url":"https:\/\/www.business-home-vienna.at\/wp-content\/uploads\/2023\/01\/Business-Home-Logo.png","contentUrl":"https:\/\/www.business-home-vienna.at\/wp-content\/uploads\/2023\/01\/Business-Home-Logo.png","width":400,"height":101,"caption":"Business Home Vienna"},"image":{"@id":"https:\/\/www.business-home-vienna.at\/#\/schema\/logo\/image\/"}}]}},"_links":{"self":[{"href":"https:\/\/www.business-home-vienna.at\/en\/wp-json\/wp\/v2\/pages\/1402","targetHints":{"allow":["GET"]}}],"collection":[{"href":"https:\/\/www.business-home-vienna.at\/en\/wp-json\/wp\/v2\/pages"}],"about":[{"href":"https:\/\/www.business-home-vienna.at\/en\/wp-json\/wp\/v2\/types\/page"}],"author":[{"embeddable":true,"href":"https:\/\/www.business-home-vienna.at\/en\/wp-json\/wp\/v2\/users\/1"}],"replies":[{"embeddable":true,"href":"https:\/\/www.business-home-vienna.at\/en\/wp-json\/wp\/v2\/comments?post=1402"}],"version-history":[{"count":6,"href":"https:\/\/www.business-home-vienna.at\/en\/wp-json\/wp\/v2\/pages\/1402\/revisions"}],"predecessor-version":[{"id":3925,"href":"https:\/\/www.business-home-vienna.at\/en\/wp-json\/wp\/v2\/pages\/1402\/revisions\/3925"}],"wp:attachment":[{"href":"https:\/\/www.business-home-vienna.at\/en\/wp-json\/wp\/v2\/media?parent=1402"}],"curies":[{"name":"wp","href":"https:\/\/api.w.org\/{rel}","templated":true}]}}